{"id":3,"date":"2023-05-30T17:50:43","date_gmt":"2023-05-30T17:50:43","guid":{"rendered":"https:\/\/infinityvision.club\/panel\/?page_id=3"},"modified":"2023-06-17T14:55:01","modified_gmt":"2023-06-17T14:55:01","slug":"privacy-policy","status":"publish","type":"page","link":"https:\/\/infinityvision.club\/panel\/privacy-policy\/","title":{"rendered":"Pol\u00edtica de Privacidad"},"content":{"rendered":"\r\n<h3 class=\"h3 wp-block-heading\"><span>Pol\u00edtica de privacidad de Infinity Vision<\/span><\/h3>\r\n<p class=\"lead\"><span>Gracias por visitar el sitio web.\u00a0Estamos comprometidos a mantener la privacidad y seguridad de su informaci\u00f3n de identificaci\u00f3n personal mientras visita el sitio web.\u00a0Esta Pol\u00edtica de privacidad explica nuestro compromiso de proteger la informaci\u00f3n de identificaci\u00f3n personal que recopilamos, usamos o divulgamos a trav\u00e9s del sitio web (esta \u00abPol\u00edtica de privacidad\u00bb).\u00a0Por favor lea atentamente esta Pol\u00edtica de Privacidad<\/span><\/p>\r\n<p class=\"lead\"><span>Al visitar nuestro sitio web, usted acepta y consiente las pr\u00e1cticas descritas en este Aviso de privacidad.<\/span><\/p>\r\n<h3 class=\"h3\"><span>Colecci\u00f3n de informaci\u00f3n<\/span><\/h3>\r\n<p class=\"lead\"><span>Infinity Vision se compromete a proteger la privacidad y la seguridad de los visitantes y clientes de nuestro sitio web. La informaci\u00f3n que recopilamos se utiliza \u00fanicamente para mejorar nuestros servicios y mejorar nuestra experiencia general como cliente.\u00a0Cualquier informaci\u00f3n que proporcione nunca se vender\u00e1 a terceros o comercializadores masivos.<\/span><\/p>\r\n<p class=\"lead\"><span>Podemos recopilar informaci\u00f3n no personal sobre las formas en que los visitantes usan el sitio web de Infinity Vision para rastrear informaci\u00f3n, estad\u00edsticas y fines de investigaci\u00f3n de mercado. La informaci\u00f3n que obtenemos nos permite revisar la actividad y c\u00f3mo mejorar nuestro sitio web para nuestros clientes.\u00a0Los visitantes que utilizan nuestro sitio web nunca necesitan proporcionar informaci\u00f3n personal si deciden no hacerlo.<\/span><\/p>\r\n<h3 class=\"h3\"><span>C\u00f3mo usamos la informaci\u00f3n personal<\/span><\/h3>\r\n<p class=\"lead\"><span>Infinity Vision puede buscar su informaci\u00f3n personal para brindarle un servicio, realizar un pedido o cumplir con una solicitud. Nunca discutiremos la informaci\u00f3n de pago (por ejemplo, n\u00fameros de tarjetas de cr\u00e9dito) con nadie m\u00e1s que con usted.\u00a0Infinity Vision es una empresa de ventas directas y, como tal, podemos proporcionar informaci\u00f3n personal seg\u00fan sea necesario a sus Miembros independientes personales de Infinity Vision o Patrocinador de l\u00ednea ascendente para proporcionarles cr\u00e9dito para pedidos e inscripciones de membres\u00eda. Todos los miembros de Infinity Vision deben cumplir con esta Pol\u00edtica de privacidad.<\/span><\/p>\r\n<h3 class=\"h3\"><span>Cambios en el sitio web y cambios en el sitio web replicado asociado<\/span><\/h3>\r\n<p class=\"lead\"><span>Podemos agregar, modificar o eliminar partes de nuestro sitio web seg\u00fan sea necesario.\u00a0Por motivos de seguridad, nos reservamos el derecho de agregar, modificar o eliminar partes de los sitios web replicados de IBA seg\u00fan sea necesario.\u00a0Por ejemplo: No permitimos que ciertas afirmaciones aparezcan en ning\u00fan sitio web de IBA Replicated y podemos eliminarlas por la seguridad de la empresa.<\/span><\/p>\r\n<h3 class=\"h3\"><span>Pol\u00edtica de ni\u00f1os<\/span><\/h3>\r\n<p class=\"lead\"><span>El sitio web no est\u00e1 destinado a ser utilizado por ni\u00f1os.\u00a0Los ni\u00f1os menores de 18 a\u00f1os no est\u00e1n autorizados a utilizar el sitio web y no deben enviarnos ninguna informaci\u00f3n personal.\u00a0No comercializamos a sabiendas ni solicitamos informaci\u00f3n de ni\u00f1os.<\/span><\/p>\r\n<h3 class=\"h3\"><span>Transacciones de negocios<\/span><\/h3>\r\n<p class=\"lead\"><span>Nos reservamos el derecho de transferir cualquier y toda la informaci\u00f3n que recopilemos de los visitantes, o que recopilemos de otro modo en relaci\u00f3n con el sitio web, incluida la informaci\u00f3n recopilada, a un tercero en el caso de una venta u otra transferencia de activos o de cualquier parte de nuestro negocio.\u00a0En el caso de que entremos en una transici\u00f3n comercial, como una fusi\u00f3n, adquisici\u00f3n por parte de otra empresa o venta de todos o una parte de nuestros activos, su informaci\u00f3n recopilada puede estar entre los activos transferidos.<\/span><\/p>\r\n<h3 class=\"h3\"><span>Galletas<\/span><\/h3>\r\n<p class=\"lead\"><span>Las cookies son peque\u00f1os fragmentos de informaci\u00f3n almacenados en su disco duro, no en nuestro sitio web.\u00a0Podemos usar cookies para almacenar su contrase\u00f1a de Distribuidor independiente para que no tenga que volver a ingresarla continuamente o para recordar en qu\u00e9 idioma prefiere ver el sitio web.\u00a0Las cookies tambi\u00e9n pueden permitirnos investigar y mejorar nuestro sitio web para satisfacer sus necesidades.\u00a0No utilizamos cookies para investigar su actividad en otros sitios web.\u00a0Siempre puede rechazar nuestras cookies si su navegador lo permite.\u00a0Le recomendamos que agregue\u00a0<\/span><a href=\"http:\/\/www.infinityvision.club\"><span>http:\/\/www.infinityvision.club<\/span><\/a><span>\u00a0como un sitio de confianza en su navegador si es posible y que rechace las cookies de todos los sitios que no son de confianza.<\/span><\/p>\r\n<h3 class=\"h3\"><span>Seguridad<\/span><\/h3>\r\n<p class=\"lead\"><span>Usamos el cifrado Secure Socket Layer (SSL) cuando se muestra informaci\u00f3n privada o confidencial en nuestro sitio web.\u00a0El cifrado SSL garantiza que su informaci\u00f3n est\u00e9 protegida y que terceros no puedan acceder a ella.<\/span><\/p>\r\n<h3 class=\"h3\"><span>L\u00edmites<\/span><\/h3>\r\n<p class=\"lead\"><span>Inifinity Vision no puede ser responsable de ninguna informaci\u00f3n obtenida por terceros a partir de su uso de este sitio web o de sus actividades como IBA. No podemos garantizar la privacidad absoluta de ning\u00fan enlace de hipertexto en nuestro sitio web que lleve a otros sitios web.\u00a0Le recomendamos que tenga cuidado al proporcionar informaci\u00f3n a terceros que no sean Infinity Vision.<\/span><\/p>\r\n<h3 class=\"h3\"><span>Aceptaci\u00f3n de la Pol\u00edtica de Privacidad<\/span><\/h3>\r\n<p class=\"lead\"><span>Al usar este sitio, usted acepta los t\u00e9rminos de nuestra Pol\u00edtica de privacidad.\u00a0Si no est\u00e1 de acuerdo con esta Pol\u00edtica de privacidad, suspenda el uso de este sitio web.\u00a0Infinity Vision se reserva el derecho de cambiar nuestra Pol\u00edtica de Privacidad en cualquier momento.<\/span><\/p>\r\n","protected":false},"excerpt":{"rendered":"<p>Pol\u00edtica de privacidad de Infinity Vision Gracias por visitar el sitio web.\u00a0Estamos comprometidos a mantener la privacidad y seguridad de su informaci\u00f3n de identificaci\u00f3n personal mientras visita el sitio web.\u00a0Esta Pol\u00edtica de privacidad explica nuestro compromiso de proteger la informaci\u00f3n de identificaci\u00f3n personal que recopilamos, usamos o divulgamos a trav\u00e9s del sitio web (esta \u00abPol\u00edtica [&hellip;]<\/p>\n","protected":false},"author":1,"featured_media":0,"parent":0,"menu_order":0,"comment_status":"closed","ping_status":"open","template":"","meta":{"footnotes":""},"class_list":["post-3","page","type-page","status-publish","hentry"],"jetpack_sharing_enabled":true,"_links":{"self":[{"href":"https:\/\/infinityvision.club\/panel\/wp-json\/wp\/v2\/pages\/3"}],"collection":[{"href":"https:\/\/infinityvision.club\/panel\/wp-json\/wp\/v2\/pages"}],"about":[{"href":"https:\/\/infinityvision.club\/panel\/wp-json\/wp\/v2\/types\/page"}],"author":[{"embeddable":true,"href":"https:\/\/infinityvision.club\/panel\/wp-json\/wp\/v2\/users\/1"}],"replies":[{"embeddable":true,"href":"https:\/\/infinityvision.club\/panel\/wp-json\/wp\/v2\/comments?post=3"}],"version-history":[{"count":1,"href":"https:\/\/infinityvision.club\/panel\/wp-json\/wp\/v2\/pages\/3\/revisions"}],"predecessor-version":[{"id":41,"href":"https:\/\/infinityvision.club\/panel\/wp-json\/wp\/v2\/pages\/3\/revisions\/41"}],"wp:attachment":[{"href":"https:\/\/infinityvision.club\/panel\/wp-json\/wp\/v2\/media?parent=3"}],"curies":[{"name":"wp","href":"https:\/\/api.w.org\/{rel}","templated":true}]}}