{"id":10,"date":"2023-05-30T20:39:12","date_gmt":"2023-05-30T20:39:12","guid":{"rendered":"https:\/\/infinityvision.club\/panel\/?page_id=10"},"modified":"2023-06-17T14:47:43","modified_gmt":"2023-06-17T14:47:43","slug":"lost-password","status":"publish","type":"page","link":"https:\/\/infinityvision.club\/panel\/lost-password\/","title":{"rendered":"Contrase\u00f1a perdida"},"content":{"rendered":"<p>Ingrese su nombre de usuario o direcci\u00f3n de correo electr\u00f3nico a continuaci\u00f3n. Recibir\u00e1 un enlace para confirmar la solicitud por correo electr\u00f3nico. Se proporcionar\u00e1 una nueva contrase\u00f1a generada que se puede cambiar m\u00e1s tarde desde Mi cuenta.<\/p>\n\r\n<div class=\"uap-pass-form-wrap uap-login-template-9\">\r\r\n\t<form method=\"post\" >\r\r\n\t\t<input type=\"hidden\" name=\"uap_reset_password_nonce\" value=\"13e134b319\" \/>\r\r\n\t\t<input name=\"uapaction\" type=\"hidden\" value=\"reset_pass\">\r\r\n\r\r\n\t\r\n\t\t\t\t\t<div class=\"uap-form-line-fr\">\r\r\n\t\t\t\t\t\t<i class=\"fa-uap fa-username-uap\"><\/i>\r\r\n\t\t\t\t\t\t<input type=\"text\" value=\"\" name=\"email_or_userlogin\" placeholder=\"Username or E-mail\" \/>\r\r\n\t\t\t\t\t<\/div>\r\r\n\t\t\t\t\t<div class=\"uap-form-line-fr uap-form-submit\">\r\r\n\t\t\t\t\t\t<input type=\"submit\" value=\"Get New Password\" name=\"Submit\" class=\"button button-primary button-large uap-reset-password-button\" \/>\r\r\n\t\t\t\t\t<\/div>\r\r\n\t\t\t\t\r\n\r\r\n\t<\/form>\r\r\n\t\r\n<\/div>\r\r\n\n","protected":false},"excerpt":{"rendered":"<p>Ingrese su nombre de usuario o direcci\u00f3n de correo electr\u00f3nico a continuaci\u00f3n. Recibir\u00e1 un enlace para confirmar la solicitud por correo electr\u00f3nico. Se proporcionar\u00e1 una nueva contrase\u00f1a generada que se puede cambiar m\u00e1s tarde desde Mi cuenta.<\/p>\n","protected":false},"author":1,"featured_media":0,"parent":0,"menu_order":0,"comment_status":"closed","ping_status":"closed","template":"","meta":{"footnotes":""},"class_list":["post-10","page","type-page","status-publish","hentry"],"jetpack_sharing_enabled":true,"_links":{"self":[{"href":"https:\/\/infinityvision.club\/panel\/wp-json\/wp\/v2\/pages\/10"}],"collection":[{"href":"https:\/\/infinityvision.club\/panel\/wp-json\/wp\/v2\/pages"}],"about":[{"href":"https:\/\/infinityvision.club\/panel\/wp-json\/wp\/v2\/types\/page"}],"author":[{"embeddable":true,"href":"https:\/\/infinityvision.club\/panel\/wp-json\/wp\/v2\/users\/1"}],"replies":[{"embeddable":true,"href":"https:\/\/infinityvision.club\/panel\/wp-json\/wp\/v2\/comments?post=10"}],"version-history":[{"count":2,"href":"https:\/\/infinityvision.club\/panel\/wp-json\/wp\/v2\/pages\/10\/revisions"}],"predecessor-version":[{"id":40,"href":"https:\/\/infinityvision.club\/panel\/wp-json\/wp\/v2\/pages\/10\/revisions\/40"}],"wp:attachment":[{"href":"https:\/\/infinityvision.club\/panel\/wp-json\/wp\/v2\/media?parent=10"}],"curies":[{"name":"wp","href":"https:\/\/api.w.org\/{rel}","templated":true}]}}